{"id":103,"date":"2021-02-08T22:45:38","date_gmt":"2021-02-08T22:45:38","guid":{"rendered":"https:\/\/flavoo.club\/smoked\/?page_id=103"},"modified":"2021-02-19T13:55:52","modified_gmt":"2021-02-19T17:55:52","slug":"tracking","status":"publish","type":"page","link":"https:\/\/flavoo.club\/smoked\/tracking\/","title":{"rendered":"tracking"},"content":{"rendered":"\t\t<div data-elementor-type=\"wp-page\" data-elementor-id=\"103\" class=\"elementor elementor-103\">\n\t\t\t\t\t\t<section class=\"elementor-section elementor-top-section elementor-element elementor-element-5c2bf6e6 elementor-section-boxed elementor-section-height-default elementor-section-height-default\" data-id=\"5c2bf6e6\" data-element_type=\"section\" data-e-type=\"section\" data-settings=\"{&quot;background_background&quot;:&quot;classic&quot;}\">\n\t\t\t\t\t\t<div class=\"elementor-container elementor-column-gap-default\">\n\t\t\t\t\t<div class=\"elementor-column elementor-col-100 elementor-top-column elementor-element elementor-element-4a11cdd0\" data-id=\"4a11cdd0\" data-element_type=\"column\" data-e-type=\"column\">\n\t\t\t<div class=\"elementor-widget-wrap elementor-element-populated\">\n\t\t\t\t\t\t<div class=\"elementor-element elementor-element-1ea18924 elementor-widget elementor-widget-spacer\" data-id=\"1ea18924\" data-element_type=\"widget\" data-e-type=\"widget\" data-widget_type=\"spacer.default\">\n\t\t\t\t<div class=\"elementor-widget-container\">\n\t\t\t\t\t\t\t<div class=\"elementor-spacer\">\n\t\t\t<div class=\"elementor-spacer-inner\"><\/div>\n\t\t<\/div>\n\t\t\t\t\t\t<\/div>\n\t\t\t\t<\/div>\n\t\t\t\t\t<\/div>\n\t\t<\/div>\n\t\t\t\t\t<\/div>\n\t\t<\/section>\n\t\t\t\t<section class=\"elementor-section elementor-top-section elementor-element elementor-element-161f6d41 elementor-section-boxed elementor-section-height-default elementor-section-height-default\" data-id=\"161f6d41\" data-element_type=\"section\" data-e-type=\"section\" data-settings=\"{&quot;background_background&quot;:&quot;classic&quot;}\">\n\t\t\t\t\t\t<div class=\"elementor-container elementor-column-gap-default\">\n\t\t\t\t\t<div class=\"elementor-column elementor-col-50 elementor-top-column elementor-element elementor-element-689cc520\" data-id=\"689cc520\" data-element_type=\"column\" data-e-type=\"column\">\n\t\t\t<div class=\"elementor-widget-wrap elementor-element-populated\">\n\t\t\t\t\t\t<div class=\"elementor-element elementor-element-2fa0c2b0 elementor-widget elementor-widget-image\" data-id=\"2fa0c2b0\" data-element_type=\"widget\" data-e-type=\"widget\" data-widget_type=\"image.default\">\n\t\t\t\t<div class=\"elementor-widget-container\">\n\t\t\t\t\t\t\t\t\t\t\t\t\t\t\t<img decoding=\"async\" src=\"https:\/\/flavoo.club\/smoked\/wp-content\/uploads\/elementor\/thumbs\/0-p33rnlvho04k81arpjqpeqsuv4mdgsdjnkyiq4cbz4.png\" title=\"0\" alt=\"0\" loading=\"lazy\" \/>\t\t\t\t\t\t\t\t\t\t\t\t\t\t\t<\/div>\n\t\t\t\t<\/div>\n\t\t\t\t<div class=\"elementor-element elementor-element-2a65b4f elementor-widget elementor-widget-text-editor\" data-id=\"2a65b4f\" data-element_type=\"widget\" data-e-type=\"widget\" data-widget_type=\"text-editor.default\">\n\t\t\t\t<div class=\"elementor-widget-container\">\n\t\t\t\t\t\t\t\t\t<p>La informaci\u00f3n reflejada en este apartado puede variar de lo conversado con la persona que te atendi\u00f3, puedes comunicarte v\u00eda whatsapp para aclarar dudas.<\/p>\t\t\t\t\t\t\t\t<\/div>\n\t\t\t\t<\/div>\n\t\t\t\t\t<\/div>\n\t\t<\/div>\n\t\t\t\t<div class=\"elementor-column elementor-col-50 elementor-top-column elementor-element elementor-element-346abef\" data-id=\"346abef\" data-element_type=\"column\" data-e-type=\"column\">\n\t\t\t<div class=\"elementor-widget-wrap elementor-element-populated\">\n\t\t\t\t\t\t<div class=\"elementor-element elementor-element-371c4718 elementor-widget elementor-widget-text-editor\" data-id=\"371c4718\" data-element_type=\"widget\" data-e-type=\"widget\" data-widget_type=\"text-editor.default\">\n\t\t\t\t<div class=\"elementor-widget-container\">\n\t\t\t\t\t\t\t\t\t<h1 class=\"rhpdm\">Smoked Venezuela<br \/><span>\ud835\ude72\ud835\ude91\ud835\ude8e\ud835\ude8e\ud835\ude9c\ud835\ude8e\ud835\ude8b\ud835\ude9e\ud835\ude9b\ud835\ude90\ud835\ude8e\ud835\ude9b<br \/>\ud835\ude75\ud835\ude8a\ud835\ude8c\ud835\ude9d\ud835\ude98\ud835\ude9b\ud835\udea2<br \/>\ud83d\udef5DELIVERY &amp; PICK UP<br \/><\/span><\/h1>\t\t\t\t\t\t\t\t<\/div>\n\t\t\t\t<\/div>\n\t\t\t\t<div class=\"elementor-element elementor-element-7d2b1573 elementor-widget elementor-widget-text-editor\" data-id=\"7d2b1573\" data-element_type=\"widget\" data-e-type=\"widget\" data-widget_type=\"text-editor.default\">\n\t\t\t\t<div class=\"elementor-widget-container\">\n\t\t\t\t\t\t\t\t\t<p><img decoding=\"async\" class=\"emoji\" role=\"img\" draggable=\"false\" src=\"https:\/\/s.w.org\/images\/core\/emoji\/13.0.1\/svg\/1f4cd.svg\" alt=\"\ud83d\udccd\" \/>| La Vi\u00f1a<\/p>\t\t\t\t\t\t\t\t<\/div>\n\t\t\t\t<\/div>\n\t\t\t\t<div class=\"elementor-element elementor-element-1521918c elementor-widget elementor-widget-text-editor\" data-id=\"1521918c\" data-element_type=\"widget\" data-e-type=\"widget\" data-widget_type=\"text-editor.default\">\n\t\t\t\t<div class=\"elementor-widget-container\">\n\t\t\t\t\t\t\t\t\t<p>Nuestro horario de atenci\u00f3n es:<br \/>\ud83c\udf54 Martes a Domingo.<br \/>\ud83e\udded 5PM-11PM<\/p>\t\t\t\t\t\t\t\t<\/div>\n\t\t\t\t<\/div>\n\t\t\t\t\t<\/div>\n\t\t<\/div>\n\t\t\t\t\t<\/div>\n\t\t<\/section>\n\t\t\t\t<section class=\"elementor-section elementor-top-section elementor-element elementor-element-58d611a8 elementor-section-boxed elementor-section-height-default elementor-section-height-default\" data-id=\"58d611a8\" data-element_type=\"section\" data-e-type=\"section\">\n\t\t\t\t\t\t<div class=\"elementor-container elementor-column-gap-default\">\n\t\t\t\t\t<div class=\"elementor-column elementor-col-100 elementor-top-column elementor-element elementor-element-6f479767\" data-id=\"6f479767\" data-element_type=\"column\" data-e-type=\"column\">\n\t\t\t<div class=\"elementor-widget-wrap elementor-element-populated\">\n\t\t\t\t\t\t<div class=\"elementor-element elementor-element-7f687743 elementor-widget elementor-widget-shortcode\" data-id=\"7f687743\" data-element_type=\"widget\" data-e-type=\"widget\" data-widget_type=\"shortcode.default\">\n\t\t\t\t<div class=\"elementor-widget-container\">\n\t\t\t\t\t\t\t\t\t<div class=\"fdm-not-logged\">Sorry, you don&#039;t have orders to show.<\/div>\n\t\t\t\t\t<div class=\"elementor-shortcode\"><\/div>\n\t\t\t\t\t\t<\/div>\n\t\t\t\t<\/div>\n\t\t\t\t\t<\/div>\n\t\t<\/div>\n\t\t\t\t\t<\/div>\n\t\t<\/section>\n\t\t\t\t<section class=\"elementor-section elementor-top-section elementor-element elementor-element-98e457c elementor-section-boxed elementor-section-height-default elementor-section-height-default\" data-id=\"98e457c\" data-element_type=\"section\" data-e-type=\"section\">\n\t\t\t\t\t\t<div class=\"elementor-container elementor-column-gap-default\">\n\t\t\t\t\t<div class=\"elementor-column elementor-col-100 elementor-top-column elementor-element elementor-element-d5a8eb9\" data-id=\"d5a8eb9\" data-element_type=\"column\" data-e-type=\"column\">\n\t\t\t<div class=\"elementor-widget-wrap elementor-element-populated\">\n\t\t\t\t\t\t<div class=\"elementor-element elementor-element-efde0d4 elementor-widget elementor-widget-spacer\" data-id=\"efde0d4\" data-element_type=\"widget\" data-e-type=\"widget\" data-widget_type=\"spacer.default\">\n\t\t\t\t<div class=\"elementor-widget-container\">\n\t\t\t\t\t\t\t<div class=\"elementor-spacer\">\n\t\t\t<div class=\"elementor-spacer-inner\"><\/div>\n\t\t<\/div>\n\t\t\t\t\t\t<\/div>\n\t\t\t\t<\/div>\n\t\t\t\t\t<\/div>\n\t\t<\/div>\n\t\t\t\t\t<\/div>\n\t\t<\/section>\n\t\t\t\t<section class=\"elementor-section elementor-top-section elementor-element elementor-element-1b1ad63f elementor-section-boxed elementor-section-height-default elementor-section-height-default\" data-id=\"1b1ad63f\" data-element_type=\"section\" data-e-type=\"section\">\n\t\t\t\t\t\t<div class=\"elementor-container elementor-column-gap-default\">\n\t\t\t\t\t<div class=\"elementor-column elementor-col-100 elementor-top-column elementor-element elementor-element-411ebdf6\" data-id=\"411ebdf6\" data-element_type=\"column\" data-e-type=\"column\">\n\t\t\t<div class=\"elementor-widget-wrap elementor-element-populated\">\n\t\t\t\t\t\t<div class=\"elementor-element elementor-element-5f679076 elementor-widget elementor-widget-text-editor\" data-id=\"5f679076\" data-element_type=\"widget\" data-e-type=\"widget\" data-widget_type=\"text-editor.default\">\n\t\t\t\t<div class=\"elementor-widget-container\">\n\t\t\t\t\t\t\t\t\t<p>Hecho por\u00a0<a href=\"https:\/\/flavoo.club\/\" target=\"_blank\" rel=\"noopener\">FLAVOO<\/a>\u00a0con\u00a0<img decoding=\"async\" class=\"emoji\" role=\"img\" draggable=\"false\" src=\"https:\/\/s.w.org\/images\/core\/emoji\/13.0.0\/svg\/2764.svg\" alt=\"\u2764\ufe0f\" \/>\u00a0desde\u00a0 Chile\u00a0<a href=\"https:\/\/emojipedia.org\/flag-chile\/\"><span class=\"emoji\"><img decoding=\"async\" class=\"emoji\" role=\"img\" draggable=\"false\" src=\"https:\/\/s.w.org\/images\/core\/emoji\/13.0.0\/svg\/1f1e8-1f1f1.svg\" alt=\"\ud83c\udde8\ud83c\uddf1\" \/><\/span><\/a>, Espa\u00f1a\u00a0<img decoding=\"async\" class=\"emoji\" role=\"img\" draggable=\"false\" src=\"https:\/\/s.w.org\/images\/core\/emoji\/13.0.0\/svg\/1f1ea-1f1f8.svg\" alt=\"\ud83c\uddea\ud83c\uddf8\" \/>\u00a0y Venezuela\u00a0<img decoding=\"async\" class=\"emoji\" role=\"img\" draggable=\"false\" src=\"https:\/\/s.w.org\/images\/core\/emoji\/13.0.0\/svg\/1f1fb-1f1ea.svg\" alt=\"\ud83c\uddfb\ud83c\uddea\" \/><\/p>\t\t\t\t\t\t\t\t<\/div>\n\t\t\t\t<\/div>\n\t\t\t\t\t<\/div>\n\t\t<\/div>\n\t\t\t\t\t<\/div>\n\t\t<\/section>\n\t\t\t\t<section class=\"elementor-section elementor-top-section elementor-element elementor-element-4c92e624 elementor-section-boxed elementor-section-height-default elementor-section-height-default\" data-id=\"4c92e624\" data-element_type=\"section\" data-e-type=\"section\">\n\t\t\t\t\t\t<div class=\"elementor-container elementor-column-gap-default\">\n\t\t\t\t\t<div class=\"elementor-column elementor-col-100 elementor-top-column elementor-element elementor-element-35c4ff16\" data-id=\"35c4ff16\" data-element_type=\"column\" data-e-type=\"column\">\n\t\t\t<div class=\"elementor-widget-wrap elementor-element-populated\">\n\t\t\t\t\t\t<div class=\"elementor-element elementor-element-5e196662 elementor-widget elementor-widget-spacer\" data-id=\"5e196662\" data-element_type=\"widget\" data-e-type=\"widget\" data-widget_type=\"spacer.default\">\n\t\t\t\t<div class=\"elementor-widget-container\">\n\t\t\t\t\t\t\t<div class=\"elementor-spacer\">\n\t\t\t<div class=\"elementor-spacer-inner\"><\/div>\n\t\t<\/div>\n\t\t\t\t\t\t<\/div>\n\t\t\t\t<\/div>\n\t\t\t\t\t<\/div>\n\t\t<\/div>\n\t\t\t\t\t<\/div>\n\t\t<\/section>\n\t\t\t\t<\/div>\n\t\t","protected":false},"excerpt":{"rendered":"<p>La informaci\u00f3n reflejada en este apartado puede variar de lo conversado con la persona que te atendi\u00f3, puedes comunicarte v\u00eda whatsapp para aclarar dudas. Smoked Venezuela\ud835\ude72\ud835\ude91\ud835\ude8e\ud835\ude8e\ud835\ude9c\ud835\ude8e\ud835\ude8b\ud835\ude9e\ud835\ude9b\ud835\ude90\ud835\ude8e\ud835\ude9b\ud835\ude75\ud835\ude8a\ud835\ude8c\ud835\ude9d\ud835\ude98\ud835\ude9b\ud835\udea2\ud83d\udef5DELIVERY &amp; PICK UP | La Vi\u00f1a Nuestro horario de atenci\u00f3n es:\ud83c\udf54 Martes a Domingo.\ud83e\udded 5PM-11PM Hecho por\u00a0FLAVOO\u00a0con\u00a0\u00a0desde\u00a0 Chile\u00a0, Espa\u00f1a\u00a0\u00a0y Venezuela\u00a0<\/p>\n","protected":false},"author":1,"featured_media":0,"parent":0,"menu_order":0,"comment_status":"closed","ping_status":"closed","template":"elementor_canvas","meta":{"footnotes":""},"class_list":["post-103","page","type-page","status-publish","hentry"],"_links":{"self":[{"href":"https:\/\/flavoo.club\/smoked\/wp-json\/wp\/v2\/pages\/103","targetHints":{"allow":["GET"]}}],"collection":[{"href":"https:\/\/flavoo.club\/smoked\/wp-json\/wp\/v2\/pages"}],"about":[{"href":"https:\/\/flavoo.club\/smoked\/wp-json\/wp\/v2\/types\/page"}],"author":[{"embeddable":true,"href":"https:\/\/flavoo.club\/smoked\/wp-json\/wp\/v2\/users\/1"}],"replies":[{"embeddable":true,"href":"https:\/\/flavoo.club\/smoked\/wp-json\/wp\/v2\/comments?post=103"}],"version-history":[{"count":31,"href":"https:\/\/flavoo.club\/smoked\/wp-json\/wp\/v2\/pages\/103\/revisions"}],"predecessor-version":[{"id":442,"href":"https:\/\/flavoo.club\/smoked\/wp-json\/wp\/v2\/pages\/103\/revisions\/442"}],"wp:attachment":[{"href":"https:\/\/flavoo.club\/smoked\/wp-json\/wp\/v2\/media?parent=103"}],"curies":[{"name":"wp","href":"https:\/\/api.w.org\/{rel}","templated":true}]}}