{"id":822,"date":"2020-09-18T22:45:55","date_gmt":"2020-09-18T22:45:55","guid":{"rendered":"https:\/\/flavoo.club\/sushitimeorlando\/?page_id=822"},"modified":"2025-06-10T09:52:25","modified_gmt":"2025-06-10T13:52:25","slug":"tracking-order","status":"publish","type":"page","link":"https:\/\/flavoo.club\/sushitimeorlando\/tracking-order\/","title":{"rendered":"Tracking Order"},"content":{"rendered":"\t\t<div data-elementor-type=\"wp-page\" data-elementor-id=\"822\" class=\"elementor elementor-822\">\n\t\t\t\t\t\t<section class=\"elementor-section elementor-top-section elementor-element elementor-element-5bc00c4 elementor-section-boxed elementor-section-height-default elementor-section-height-default\" data-id=\"5bc00c4\" data-element_type=\"section\" data-e-type=\"section\">\n\t\t\t\t\t\t<div class=\"elementor-container elementor-column-gap-default\">\n\t\t\t\t\t<div class=\"elementor-column elementor-col-100 elementor-top-column elementor-element elementor-element-9ad500c\" data-id=\"9ad500c\" data-element_type=\"column\" data-e-type=\"column\">\n\t\t\t<div class=\"elementor-widget-wrap elementor-element-populated\">\n\t\t\t\t\t\t<div class=\"elementor-element elementor-element-baf7fef elementor-widget elementor-widget-shortcode\" data-id=\"baf7fef\" data-element_type=\"widget\" data-e-type=\"widget\" data-widget_type=\"shortcode.default\">\n\t\t\t\t<div class=\"elementor-widget-container\">\n\t\t\t\t\t\t\t\t\t<div class=\"fdm-not-logged\">Sorry, you don&#039;t have orders to show.<\/div>\n\t\t\t\t\t<div class=\"elementor-shortcode\"><\/div>\n\t\t\t\t\t\t<\/div>\n\t\t\t\t<\/div>\n\t\t\t\t\t<\/div>\n\t\t<\/div>\n\t\t\t\t\t<\/div>\n\t\t<\/section>\n\t\t\t\t<section class=\"elementor-section elementor-top-section elementor-element elementor-element-fc28921 elementor-section-boxed elementor-section-height-default elementor-section-height-default\" data-id=\"fc28921\" data-element_type=\"section\" data-e-type=\"section\">\n\t\t\t\t\t\t<div class=\"elementor-container elementor-column-gap-default\">\n\t\t\t\t\t<div class=\"elementor-column elementor-col-100 elementor-top-column elementor-element elementor-element-6f2a803\" data-id=\"6f2a803\" data-element_type=\"column\" data-e-type=\"column\">\n\t\t\t<div class=\"elementor-widget-wrap elementor-element-populated\">\n\t\t\t\t\t\t<div class=\"elementor-element elementor-element-6f4b7ff elementor-widget elementor-widget-text-editor\" data-id=\"6f4b7ff\" data-element_type=\"widget\" data-e-type=\"widget\" data-widget_type=\"text-editor.default\">\n\t\t\t\t<div class=\"elementor-widget-container\">\n\t\t\t\t\t\t\t\t\t<p>La informaci\u00f3n reflejada en \u00e9ste apartado puede variar de lo conversado con la persona que te atendi\u00f3, puedes comunicarte v\u00eda whatsapp para aclarar dudas.<\/p>\t\t\t\t\t\t\t\t<\/div>\n\t\t\t\t<\/div>\n\t\t\t\t\t<\/div>\n\t\t<\/div>\n\t\t\t\t\t<\/div>\n\t\t<\/section>\n\t\t\t\t<section class=\"elementor-section elementor-top-section elementor-element elementor-element-df6c662 elementor-section-boxed elementor-section-height-default elementor-section-height-default\" data-id=\"df6c662\" data-element_type=\"section\" data-e-type=\"section\">\n\t\t\t\t\t\t<div class=\"elementor-container elementor-column-gap-default\">\n\t\t\t\t\t<div class=\"elementor-column elementor-col-100 elementor-top-column elementor-element elementor-element-0af071f\" data-id=\"0af071f\" data-element_type=\"column\" data-e-type=\"column\">\n\t\t\t<div class=\"elementor-widget-wrap elementor-element-populated\">\n\t\t\t\t\t\t<div class=\"elementor-element elementor-element-4b0bd93 elementor-widget elementor-widget-spacer\" data-id=\"4b0bd93\" data-element_type=\"widget\" data-e-type=\"widget\" data-widget_type=\"spacer.default\">\n\t\t\t\t<div class=\"elementor-widget-container\">\n\t\t\t\t\t\t\t<div class=\"elementor-spacer\">\n\t\t\t<div class=\"elementor-spacer-inner\"><\/div>\n\t\t<\/div>\n\t\t\t\t\t\t<\/div>\n\t\t\t\t<\/div>\n\t\t\t\t\t<\/div>\n\t\t<\/div>\n\t\t\t\t\t<\/div>\n\t\t<\/section>\n\t\t\t\t<section class=\"elementor-section elementor-top-section elementor-element elementor-element-532431ff elementor-section-boxed elementor-section-height-default elementor-section-height-default\" data-id=\"532431ff\" data-element_type=\"section\" data-e-type=\"section\">\n\t\t\t\t\t\t<div class=\"elementor-container elementor-column-gap-default\">\n\t\t\t\t\t<div class=\"elementor-column elementor-col-100 elementor-top-column elementor-element elementor-element-2b63597\" data-id=\"2b63597\" data-element_type=\"column\" data-e-type=\"column\">\n\t\t\t<div class=\"elementor-widget-wrap elementor-element-populated\">\n\t\t\t\t\t\t<div class=\"elementor-element elementor-element-750cc70b elementor-widget elementor-widget-text-editor\" data-id=\"750cc70b\" data-element_type=\"widget\" data-e-type=\"widget\" data-widget_type=\"text-editor.default\">\n\t\t\t\t<div class=\"elementor-widget-container\">\n\t\t\t\t\t\t\t\t\t<p>Hecho por <a href=\"https:\/\/flavoo.club\/\" target=\"_blank\" rel=\"noopener\"><strong>FLAVOO<\/strong><\/a> con \u2764\ufe0f desde Chile \ud83c\udde8\ud83c\uddf1, Espa\u00f1a \ud83c\uddea\ud83c\uddf8 y Venezuela \ud83c\uddfb\ud83c\uddea<\/p>\t\t\t\t\t\t\t\t<\/div>\n\t\t\t\t<\/div>\n\t\t\t\t\t<\/div>\n\t\t<\/div>\n\t\t\t\t\t<\/div>\n\t\t<\/section>\n\t\t\t\t<section class=\"elementor-section elementor-top-section elementor-element elementor-element-4932644 elementor-section-boxed elementor-section-height-default elementor-section-height-default\" data-id=\"4932644\" data-element_type=\"section\" data-e-type=\"section\">\n\t\t\t\t\t\t<div class=\"elementor-container elementor-column-gap-default\">\n\t\t\t\t\t<div class=\"elementor-column elementor-col-100 elementor-top-column elementor-element elementor-element-75eb59a\" data-id=\"75eb59a\" data-element_type=\"column\" data-e-type=\"column\">\n\t\t\t<div class=\"elementor-widget-wrap elementor-element-populated\">\n\t\t\t\t\t\t<div class=\"elementor-element elementor-element-0caa7c6 elementor-widget elementor-widget-spacer\" data-id=\"0caa7c6\" data-element_type=\"widget\" data-e-type=\"widget\" data-widget_type=\"spacer.default\">\n\t\t\t\t<div class=\"elementor-widget-container\">\n\t\t\t\t\t\t\t<div class=\"elementor-spacer\">\n\t\t\t<div class=\"elementor-spacer-inner\"><\/div>\n\t\t<\/div>\n\t\t\t\t\t\t<\/div>\n\t\t\t\t<\/div>\n\t\t\t\t\t<\/div>\n\t\t<\/div>\n\t\t\t\t\t<\/div>\n\t\t<\/section>\n\t\t\t\t<\/div>\n\t\t","protected":false},"excerpt":{"rendered":"<p>La informaci\u00f3n reflejada en \u00e9ste apartado puede variar de lo conversado con la persona que te atendi\u00f3, puedes comunicarte v\u00eda whatsapp para aclarar dudas. Hecho por FLAVOO con \u2764\ufe0f desde Chile \ud83c\udde8\ud83c\uddf1, Espa\u00f1a \ud83c\uddea\ud83c\uddf8 y Venezuela \ud83c\uddfb\ud83c\uddea<\/p>\n","protected":false},"author":1,"featured_media":0,"parent":0,"menu_order":0,"comment_status":"closed","ping_status":"closed","template":"elementor_canvas","meta":{"footnotes":""},"class_list":["post-822","page","type-page","status-publish","hentry"],"_links":{"self":[{"href":"https:\/\/flavoo.club\/sushitimeorlando\/wp-json\/wp\/v2\/pages\/822","targetHints":{"allow":["GET"]}}],"collection":[{"href":"https:\/\/flavoo.club\/sushitimeorlando\/wp-json\/wp\/v2\/pages"}],"about":[{"href":"https:\/\/flavoo.club\/sushitimeorlando\/wp-json\/wp\/v2\/types\/page"}],"author":[{"embeddable":true,"href":"https:\/\/flavoo.club\/sushitimeorlando\/wp-json\/wp\/v2\/users\/1"}],"replies":[{"embeddable":true,"href":"https:\/\/flavoo.club\/sushitimeorlando\/wp-json\/wp\/v2\/comments?post=822"}],"version-history":[{"count":16,"href":"https:\/\/flavoo.club\/sushitimeorlando\/wp-json\/wp\/v2\/pages\/822\/revisions"}],"predecessor-version":[{"id":1393,"href":"https:\/\/flavoo.club\/sushitimeorlando\/wp-json\/wp\/v2\/pages\/822\/revisions\/1393"}],"wp:attachment":[{"href":"https:\/\/flavoo.club\/sushitimeorlando\/wp-json\/wp\/v2\/media?parent=822"}],"curies":[{"name":"wp","href":"https:\/\/api.w.org\/{rel}","templated":true}]}}